{"id":23891,"date":"2024-07-07T08:50:59","date_gmt":"2024-07-07T08:50:59","guid":{"rendered":"https:\/\/eflacademyhub.com\/dashboard\/"},"modified":"2024-07-07T08:50:59","modified_gmt":"2024-07-07T08:50:59","slug":"dashboard","status":"publish","type":"page","link":"https:\/\/eflacademyhub.com\/ro\/dashboard\/","title":{"rendered":"Dashboard"},"content":{"rendered":"Te rog <a data-login_url=\"\" href=\"#\" class=\"tutor-open-login-modal\">Autentific\u0103-te<\/a> pentru a vedea aceast\u0103 pagin\u0103","protected":false},"excerpt":{"rendered":"<p>Te rog Autentific\u0103-te pentru a vedea aceast\u0103 pagin\u0103<\/p>","protected":false},"author":2,"featured_media":0,"parent":0,"menu_order":0,"comment_status":"closed","ping_status":"closed","template":"","meta":{"_eb_attr":"","pmpro_default_level":"","footnotes":""},"class_list":["post-23891","page","type-page","status-publish","hentry","pmpro-has-access"],"_links":{"self":[{"href":"https:\/\/eflacademyhub.com\/ro\/wp-json\/wp\/v2\/pages\/23891","targetHints":{"allow":["GET"]}}],"collection":[{"href":"https:\/\/eflacademyhub.com\/ro\/wp-json\/wp\/v2\/pages"}],"about":[{"href":"https:\/\/eflacademyhub.com\/ro\/wp-json\/wp\/v2\/types\/page"}],"author":[{"embeddable":true,"href":"https:\/\/eflacademyhub.com\/ro\/wp-json\/wp\/v2\/users\/2"}],"replies":[{"embeddable":true,"href":"https:\/\/eflacademyhub.com\/ro\/wp-json\/wp\/v2\/comments?post=23891"}],"version-history":[{"count":0,"href":"https:\/\/eflacademyhub.com\/ro\/wp-json\/wp\/v2\/pages\/23891\/revisions"}],"wp:attachment":[{"href":"https:\/\/eflacademyhub.com\/ro\/wp-json\/wp\/v2\/media?parent=23891"}],"curies":[{"name":"wp","href":"https:\/\/api.w.org\/{rel}","templated":true}]}}